{"id":1612,"date":"2021-08-25T13:19:12","date_gmt":"2021-08-25T13:19:12","guid":{"rendered":"https:\/\/blikudo:8890\/?page_id=1612"},"modified":"2022-11-24T14:38:51","modified_gmt":"2022-11-24T14:38:51","slug":"si-funksionon","status":"publish","type":"page","link":"https:\/\/blitest.ids.al\/?page_id=1612","title":{"rendered":"Si Funksionon"},"content":{"rendered":"","protected":false},"excerpt":{"rendered":"","protected":false},"author":1,"featured_media":0,"parent":0,"menu_order":0,"comment_status":"closed","ping_status":"closed","template":"template-si-funksionon.php","meta":[],"yoast_head":"<!-- This site is optimized with the Yoast SEO Premium plugin v17.5 (Yoast SEO v17.5) - https:\/\/yoast.com\/wordpress\/plugins\/seo\/ -->\n<title>Si Funksionon - Bli Kudo - M\u00ebso me 3 Hapa Si Funksionon Bli Kudo<\/title>\n<meta name=\"description\" content=\"Gati p\u00ebr t\u00eb bler\u00eb dhe d\u00ebrguar? Mjafton t\u00eb regjistroheni p\u00ebr t\u00eb marr\u00eb menj\u00ebher\u00eb adres\u00ebn tuaj n\u00eb Bli Kudo. Regjistrohu tani!\" \/>\n<meta name=\"robots\" content=\"index, follow, max-snippet:-1, max-image-preview:large, max-video-preview:-1\" \/>\n<link rel=\"canonical\" href=\"https:\/\/blitest.ids.al\/?page_id=1612\" \/>\n<meta property=\"og:locale\" content=\"en_US\" \/>\n<meta property=\"og:type\" content=\"article\" \/>\n<meta property=\"og:title\" content=\"Si Funksionon\" \/>\n<meta property=\"og:description\" content=\"Gati p\u00ebr t\u00eb bler\u00eb dhe d\u00ebrguar? Mjafton t\u00eb regjistroheni p\u00ebr t\u00eb marr\u00eb menj\u00ebher\u00eb adres\u00ebn tuaj n\u00eb Bli Kudo. Regjistrohu tani!\" \/>\n<meta property=\"og:url\" content=\"https:\/\/blitest.ids.al\/?page_id=1612\" \/>\n<meta property=\"og:site_name\" content=\"Bli Kudo\" \/>\n<meta property=\"article:publisher\" content=\"https:\/\/m.facebook.com\/blikudo.al\/\" \/>\n<meta property=\"article:modified_time\" content=\"2022-11-24T14:38:51+00:00\" \/>\n<meta name=\"twitter:card\" content=\"summary_large_image\" \/>\n<script type=\"application\/ld+json\" class=\"yoast-schema-graph\">{\"@context\":\"https:\/\/schema.org\",\"@graph\":[{\"@type\":\"WebSite\",\"@id\":\"https:\/\/blitest.ids.al\/#website\",\"url\":\"https:\/\/blitest.ids.al\/\",\"name\":\"Bli Kudo\",\"description\":\"Bli online ne te gjithe boten\",\"potentialAction\":[{\"@type\":\"SearchAction\",\"target\":{\"@type\":\"EntryPoint\",\"urlTemplate\":\"https:\/\/blitest.ids.al\/?s={search_term_string}\"},\"query-input\":\"required name=search_term_string\"}],\"inLanguage\":\"en-US\"},{\"@type\":\"WebPage\",\"@id\":\"https:\/\/blitest.ids.al\/?page_id=1612#webpage\",\"url\":\"https:\/\/blitest.ids.al\/?page_id=1612\",\"name\":\"Si Funksionon - Bli Kudo - M\\u00ebso me 3 Hapa Si Funksionon Bli Kudo\",\"isPartOf\":{\"@id\":\"https:\/\/blitest.ids.al\/#website\"},\"datePublished\":\"2021-08-25T13:19:12+00:00\",\"dateModified\":\"2022-11-24T14:38:51+00:00\",\"description\":\"Gati p\\u00ebr t\\u00eb bler\\u00eb dhe d\\u00ebrguar? Mjafton t\\u00eb regjistroheni p\\u00ebr t\\u00eb marr\\u00eb menj\\u00ebher\\u00eb adres\\u00ebn tuaj n\\u00eb Bli Kudo. Regjistrohu tani!\",\"breadcrumb\":{\"@id\":\"https:\/\/blitest.ids.al\/?page_id=1612#breadcrumb\"},\"inLanguage\":\"en-US\",\"potentialAction\":[{\"@type\":\"ReadAction\",\"target\":[\"https:\/\/blitest.ids.al\/?page_id=1612\"]}]},{\"@type\":\"BreadcrumbList\",\"@id\":\"https:\/\/blitest.ids.al\/?page_id=1612#breadcrumb\",\"itemListElement\":[{\"@type\":\"ListItem\",\"position\":1,\"name\":\"Home\",\"item\":\"https:\/\/blitest.ids.al\/\"},{\"@type\":\"ListItem\",\"position\":2,\"name\":\"Si Funksionon\"}]}]}<\/script>\n<!-- \/ Yoast SEO Premium plugin. -->","yoast_head_json":{"title":"Si Funksionon - Bli Kudo - M\u00ebso me 3 Hapa Si Funksionon Bli Kudo","description":"Gati p\u00ebr t\u00eb bler\u00eb dhe d\u00ebrguar? Mjafton t\u00eb regjistroheni p\u00ebr t\u00eb marr\u00eb menj\u00ebher\u00eb adres\u00ebn tuaj n\u00eb Bli Kudo. Regjistrohu tani!","robots":{"index":"index","follow":"follow","max-snippet":"max-snippet:-1","max-image-preview":"max-image-preview:large","max-video-preview":"max-video-preview:-1"},"canonical":"https:\/\/blitest.ids.al\/?page_id=1612","og_locale":"en_US","og_type":"article","og_title":"Si Funksionon","og_description":"Gati p\u00ebr t\u00eb bler\u00eb dhe d\u00ebrguar? Mjafton t\u00eb regjistroheni p\u00ebr t\u00eb marr\u00eb menj\u00ebher\u00eb adres\u00ebn tuaj n\u00eb Bli Kudo. Regjistrohu tani!","og_url":"https:\/\/blitest.ids.al\/?page_id=1612","og_site_name":"Bli Kudo","article_publisher":"https:\/\/m.facebook.com\/blikudo.al\/","article_modified_time":"2022-11-24T14:38:51+00:00","twitter_card":"summary_large_image","schema":{"@context":"https:\/\/schema.org","@graph":[{"@type":"WebSite","@id":"https:\/\/blitest.ids.al\/#website","url":"https:\/\/blitest.ids.al\/","name":"Bli Kudo","description":"Bli online ne te gjithe boten","potentialAction":[{"@type":"SearchAction","target":{"@type":"EntryPoint","urlTemplate":"https:\/\/blitest.ids.al\/?s={search_term_string}"},"query-input":"required name=search_term_string"}],"inLanguage":"en-US"},{"@type":"WebPage","@id":"https:\/\/blitest.ids.al\/?page_id=1612#webpage","url":"https:\/\/blitest.ids.al\/?page_id=1612","name":"Si Funksionon - Bli Kudo - M\u00ebso me 3 Hapa Si Funksionon Bli Kudo","isPartOf":{"@id":"https:\/\/blitest.ids.al\/#website"},"datePublished":"2021-08-25T13:19:12+00:00","dateModified":"2022-11-24T14:38:51+00:00","description":"Gati p\u00ebr t\u00eb bler\u00eb dhe d\u00ebrguar? Mjafton t\u00eb regjistroheni p\u00ebr t\u00eb marr\u00eb menj\u00ebher\u00eb adres\u00ebn tuaj n\u00eb Bli Kudo. Regjistrohu tani!","breadcrumb":{"@id":"https:\/\/blitest.ids.al\/?page_id=1612#breadcrumb"},"inLanguage":"en-US","potentialAction":[{"@type":"ReadAction","target":["https:\/\/blitest.ids.al\/?page_id=1612"]}]},{"@type":"BreadcrumbList","@id":"https:\/\/blitest.ids.al\/?page_id=1612#breadcrumb","itemListElement":[{"@type":"ListItem","position":1,"name":"Home","item":"https:\/\/blitest.ids.al\/"},{"@type":"ListItem","position":2,"name":"Si Funksionon"}]}]}},"acf":[],"_links":{"self":[{"href":"https:\/\/blitest.ids.al\/index.php?rest_route=\/wp\/v2\/pages\/1612"}],"collection":[{"href":"https:\/\/blitest.ids.al\/index.php?rest_route=\/wp\/v2\/pages"}],"about":[{"href":"https:\/\/blitest.ids.al\/index.php?rest_route=\/wp\/v2\/types\/page"}],"author":[{"embeddable":true,"href":"https:\/\/blitest.ids.al\/index.php?rest_route=\/wp\/v2\/users\/1"}],"replies":[{"embeddable":true,"href":"https:\/\/blitest.ids.al\/index.php?rest_route=%2Fwp%2Fv2%2Fcomments&post=1612"}],"version-history":[{"count":3,"href":"https:\/\/blitest.ids.al\/index.php?rest_route=\/wp\/v2\/pages\/1612\/revisions"}],"predecessor-version":[{"id":1990,"href":"https:\/\/blitest.ids.al\/index.php?rest_route=\/wp\/v2\/pages\/1612\/revisions\/1990"}],"wp:attachment":[{"href":"https:\/\/blitest.ids.al\/index.php?rest_route=%2Fwp%2Fv2%2Fmedia&parent=1612"}],"curies":[{"name":"wp","href":"https:\/\/api.w.org\/{rel}","templated":true}]}}